{"id":6608,"date":"2026-04-03T16:05:56","date_gmt":"2026-04-03T14:05:56","guid":{"rendered":"https:\/\/www.proxifit.fr\/?page_id=6608"},"modified":"2026-04-03T16:09:28","modified_gmt":"2026-04-03T14:09:28","slug":"electrosimulation","status":"publish","type":"page","link":"https:\/\/www.proxifit.fr\/index.php\/electrosimulation\/","title":{"rendered":"\u00c9LECTROSTIMULATION"},"content":{"rendered":"\t\t<div data-elementor-type=\"wp-page\" data-elementor-id=\"6608\" class=\"elementor elementor-6608\">\n\t\t\t\t\t\t<section class=\"elementor-section elementor-top-section elementor-element elementor-element-7ea38d3 elementor-section-boxed elementor-section-height-default elementor-section-height-default\" data-id=\"7ea38d3\" data-element_type=\"section\" data-e-type=\"section\">\n\t\t\t\t\t\t<div class=\"elementor-container elementor-column-gap-default\">\n\t\t\t\t\t<div class=\"elementor-column elementor-col-100 elementor-top-column elementor-element elementor-element-4f26546\" data-id=\"4f26546\" data-element_type=\"column\" data-e-type=\"column\">\n\t\t\t<div class=\"elementor-widget-wrap elementor-element-populated\">\n\t\t\t\t\t\t<div class=\"elementor-element elementor-element-b273526 elementor-widget elementor-widget-heading\" data-id=\"b273526\" data-element_type=\"widget\" data-e-type=\"widget\" data-widget_type=\"heading.default\">\n\t\t\t\t<div class=\"elementor-widget-container\">\n\t\t\t\t\t<h2 class=\"elementor-heading-title elementor-size-default\">ELECTROSTIMULATION<\/h2>\t\t\t\t<\/div>\n\t\t\t\t<\/div>\n\t\t\t\t\t<\/div>\n\t\t<\/div>\n\t\t\t\t\t<\/div>\n\t\t<\/section>\n\t\t\t\t<section class=\"elementor-section elementor-top-section elementor-element elementor-element-26d00e5 elementor-section-boxed elementor-section-height-default elementor-section-height-default\" data-id=\"26d00e5\" data-element_type=\"section\" data-e-type=\"section\">\n\t\t\t\t\t\t<div class=\"elementor-container elementor-column-gap-default\">\n\t\t\t\t\t<div class=\"elementor-column elementor-col-50 elementor-top-column elementor-element elementor-element-472c9c8\" data-id=\"472c9c8\" data-element_type=\"column\" data-e-type=\"column\">\n\t\t\t<div class=\"elementor-widget-wrap elementor-element-populated\">\n\t\t\t\t\t\t<div class=\"elementor-element elementor-element-d78f268 elementor-widget elementor-widget-text-editor\" data-id=\"d78f268\" data-element_type=\"widget\" data-e-type=\"widget\" data-widget_type=\"text-editor.default\">\n\t\t\t\t<div class=\"elementor-widget-container\">\n\t\t\t\t\t\t\t\t\t<p class=\"cvGsUA direction-ltr align-center para-style-body\"><span class=\"a_GcMg font-feature-liga-off font-feature-clig-off font-feature-calt-off text-decoration-none text-strikethrough-none\">L\u2019\u00e9lectrostimulation est une m\u00e9thode d\u2019entra\u00eenement innovante qui utilise des impulsions \u00e9lectriques pour solliciter les muscles en profondeur<\/span><\/p><p class=\"cvGsUA direction-ltr align-center para-style-body\">\u00c9quip\u00e9 d\u2019une tenue sp\u00e9cifique, vous r\u00e9alisez des exercices guid\u00e9s permettant de travailler efficacement l\u2019ensemble du corps<\/p>\t\t\t\t\t\t\t\t<\/div>\n\t\t\t\t<\/div>\n\t\t\t\t<div class=\"elementor-element elementor-element-1a28063 elementor-widget elementor-widget-image\" data-id=\"1a28063\" data-element_type=\"widget\" data-e-type=\"widget\" data-widget_type=\"image.default\">\n\t\t\t\t<div class=\"elementor-widget-container\">\n\t\t\t\t\t\t\t\t\t\t\t\t\t\t\t<img fetchpriority=\"high\" decoding=\"async\" width=\"500\" height=\"500\" src=\"https:\/\/www.proxifit.fr\/wp-content\/uploads\/2026\/04\/2-11.png\" class=\"attachment-large size-large wp-image-6611\" alt=\"\" srcset=\"https:\/\/www.proxifit.fr\/wp-content\/uploads\/2026\/04\/2-11.png 500w, https:\/\/www.proxifit.fr\/wp-content\/uploads\/2026\/04\/2-11-300x300.png 300w, https:\/\/www.proxifit.fr\/wp-content\/uploads\/2026\/04\/2-11-150x150.png 150w\" sizes=\"(max-width: 500px) 100vw, 500px\" \/>\t\t\t\t\t\t\t\t\t\t\t\t\t\t\t<\/div>\n\t\t\t\t<\/div>\n\t\t\t\t\t<\/div>\n\t\t<\/div>\n\t\t\t\t<div class=\"elementor-column elementor-col-50 elementor-top-column elementor-element elementor-element-d77d4f8\" data-id=\"d77d4f8\" data-element_type=\"column\" data-e-type=\"column\">\n\t\t\t<div class=\"elementor-widget-wrap elementor-element-populated\">\n\t\t\t\t\t\t<div class=\"elementor-element elementor-element-2325dec elementor-widget elementor-widget-image\" data-id=\"2325dec\" data-element_type=\"widget\" data-e-type=\"widget\" data-widget_type=\"image.default\">\n\t\t\t\t<div class=\"elementor-widget-container\">\n\t\t\t\t\t\t\t\t\t\t\t\t\t\t\t<img decoding=\"async\" width=\"500\" height=\"500\" src=\"https:\/\/www.proxifit.fr\/wp-content\/uploads\/2026\/04\/1-10.png\" class=\"attachment-large size-large wp-image-6610\" alt=\"\" srcset=\"https:\/\/www.proxifit.fr\/wp-content\/uploads\/2026\/04\/1-10.png 500w, https:\/\/www.proxifit.fr\/wp-content\/uploads\/2026\/04\/1-10-300x300.png 300w, https:\/\/www.proxifit.fr\/wp-content\/uploads\/2026\/04\/1-10-150x150.png 150w\" sizes=\"(max-width: 500px) 100vw, 500px\" \/>\t\t\t\t\t\t\t\t\t\t\t\t\t\t\t<\/div>\n\t\t\t\t<\/div>\n\t\t\t\t<div class=\"elementor-element elementor-element-2d162ab elementor-widget elementor-widget-text-editor\" data-id=\"2d162ab\" data-element_type=\"widget\" data-e-type=\"widget\" data-widget_type=\"text-editor.default\">\n\t\t\t\t<div class=\"elementor-widget-container\">\n\t\t\t\t\t\t\t\t\t<p class=\"cvGsUA direction-ltr align-start para-style-body\"><strong><span class=\"a_GcMg font-feature-liga-off font-feature-clig-off font-feature-calt-off text-decoration-none text-strikethrough-none\">C\u2019EST QUOI L\u2019EMS<\/span> <span class=\"a_GcMg font-feature-liga-off font-feature-clig-off font-feature-calt-off text-decoration-none text-strikethrough-none\">?<\/span><\/strong><\/p><p class=\"cvGsUA direction-ltr align-start para-style-body\">L\u2019\u00e9lectrostimulation active jusqu\u2019\u00e0 90 % des muscles en 20 minutes<\/p><p class=\"cvGsUA direction-ltr align-start para-style-body\">Une s\u00e9ance \u00e9quivaut \u00e0 plusieurs heures de sport classique<\/p>\t\t\t\t\t\t\t\t<\/div>\n\t\t\t\t<\/div>\n\t\t\t\t\t<\/div>\n\t\t<\/div>\n\t\t\t\t\t<\/div>\n\t\t<\/section>\n\t\t\t\t<\/div>\n\t\t","protected":false},"excerpt":{"rendered":"<p>ELECTROSTIMULATION L\u2019\u00e9lectrostimulation est une m\u00e9thode d\u2019entra\u00eenement innovante qui utilise des impulsions \u00e9lectriques pour solliciter les muscles en profondeur \u00c9quip\u00e9 d\u2019une tenue sp\u00e9cifique, vous r\u00e9alisez des exercices guid\u00e9s permettant de travailler efficacement l\u2019ensemble du corps C\u2019EST QUOI L\u2019EMS ? L\u2019\u00e9lectrostimulation active jusqu\u2019\u00e0 90 % des muscles en 20 minutes Une s\u00e9ance \u00e9quivaut \u00e0 plusieurs heures de [&hellip;]<\/p>\n","protected":false},"author":1,"featured_media":0,"parent":0,"menu_order":0,"comment_status":"closed","ping_status":"closed","template":"elementor_header_footer","meta":{"footnotes":""},"class_list":["post-6608","page","type-page","status-publish","hentry"],"_links":{"self":[{"href":"https:\/\/www.proxifit.fr\/index.php\/wp-json\/wp\/v2\/pages\/6608","targetHints":{"allow":["GET"]}}],"collection":[{"href":"https:\/\/www.proxifit.fr\/index.php\/wp-json\/wp\/v2\/pages"}],"about":[{"href":"https:\/\/www.proxifit.fr\/index.php\/wp-json\/wp\/v2\/types\/page"}],"author":[{"embeddable":true,"href":"https:\/\/www.proxifit.fr\/index.php\/wp-json\/wp\/v2\/users\/1"}],"replies":[{"embeddable":true,"href":"https:\/\/www.proxifit.fr\/index.php\/wp-json\/wp\/v2\/comments?post=6608"}],"version-history":[{"count":4,"href":"https:\/\/www.proxifit.fr\/index.php\/wp-json\/wp\/v2\/pages\/6608\/revisions"}],"predecessor-version":[{"id":6614,"href":"https:\/\/www.proxifit.fr\/index.php\/wp-json\/wp\/v2\/pages\/6608\/revisions\/6614"}],"wp:attachment":[{"href":"https:\/\/www.proxifit.fr\/index.php\/wp-json\/wp\/v2\/media?parent=6608"}],"curies":[{"name":"wp","href":"https:\/\/api.w.org\/{rel}","templated":true}]}}