{"id":6595,"date":"2026-04-03T15:57:01","date_gmt":"2026-04-03T13:57:01","guid":{"rendered":"https:\/\/www.proxifit.fr\/?page_id=6595"},"modified":"2026-04-03T16:04:17","modified_gmt":"2026-04-03T14:04:17","slug":"aquabike-individuel","status":"publish","type":"page","link":"https:\/\/www.proxifit.fr\/index.php\/aquabike-individuel\/","title":{"rendered":"AQUABIKE INDIVIDUEL"},"content":{"rendered":"\t\t<div data-elementor-type=\"wp-page\" data-elementor-id=\"6595\" class=\"elementor elementor-6595\">\n\t\t\t\t\t\t<section class=\"elementor-section elementor-top-section elementor-element elementor-element-7ea38d3 elementor-section-boxed elementor-section-height-default elementor-section-height-default\" data-id=\"7ea38d3\" data-element_type=\"section\" data-e-type=\"section\">\n\t\t\t\t\t\t<div class=\"elementor-container elementor-column-gap-default\">\n\t\t\t\t\t<div class=\"elementor-column elementor-col-100 elementor-top-column elementor-element elementor-element-4f26546\" data-id=\"4f26546\" data-element_type=\"column\" data-e-type=\"column\">\n\t\t\t<div class=\"elementor-widget-wrap elementor-element-populated\">\n\t\t\t\t\t\t<div class=\"elementor-element elementor-element-b273526 elementor-widget elementor-widget-heading\" data-id=\"b273526\" data-element_type=\"widget\" data-e-type=\"widget\" data-widget_type=\"heading.default\">\n\t\t\t\t<div class=\"elementor-widget-container\">\n\t\t\t\t\t<h2 class=\"elementor-heading-title elementor-size-default\">AQUABIKE INDIVIDUEL<\/h2>\t\t\t\t<\/div>\n\t\t\t\t<\/div>\n\t\t\t\t\t<\/div>\n\t\t<\/div>\n\t\t\t\t\t<\/div>\n\t\t<\/section>\n\t\t\t\t<section class=\"elementor-section elementor-top-section elementor-element elementor-element-26d00e5 elementor-section-boxed elementor-section-height-default elementor-section-height-default\" data-id=\"26d00e5\" data-element_type=\"section\" data-e-type=\"section\">\n\t\t\t\t\t\t<div class=\"elementor-container elementor-column-gap-default\">\n\t\t\t\t\t<div class=\"elementor-column elementor-col-50 elementor-top-column elementor-element elementor-element-472c9c8\" data-id=\"472c9c8\" data-element_type=\"column\" data-e-type=\"column\">\n\t\t\t<div class=\"elementor-widget-wrap elementor-element-populated\">\n\t\t\t\t\t\t<div class=\"elementor-element elementor-element-d78f268 elementor-widget elementor-widget-text-editor\" data-id=\"d78f268\" data-element_type=\"widget\" data-e-type=\"widget\" data-widget_type=\"text-editor.default\">\n\t\t\t\t<div class=\"elementor-widget-container\">\n\t\t\t\t\t\t\t\t\t<p class=\"cvGsUA direction-ltr align-center para-style-body\" style=\"text-align: left;\"><span class=\"a_GcMg font-feature-liga-off font-feature-clig-off font-feature-calt-off text-decoration-none text-strikethrough-none\">L\u2019aquabike individuel est une s\u00e9ance de v\u00e9lo aquatique r\u00e9alis\u00e9e en cabine privative<\/span><\/p><p class=\"cvGsUA direction-ltr align-center para-style-body\" style=\"text-align: left;\">Gr\u00e2ce \u00e0 la r\u00e9sistance de l\u2019eau et aux jets hydromassants, cet entra\u00eenement permet de travailler efficacement le cardio tout en tonifiant les jambes et les fessiers<\/p>\t\t\t\t\t\t\t\t<\/div>\n\t\t\t\t<\/div>\n\t\t\t\t\t<\/div>\n\t\t<\/div>\n\t\t\t\t<div class=\"elementor-column elementor-col-50 elementor-top-column elementor-element elementor-element-d77d4f8\" data-id=\"d77d4f8\" data-element_type=\"column\" data-e-type=\"column\">\n\t\t\t<div class=\"elementor-widget-wrap elementor-element-populated\">\n\t\t\t\t\t\t<div class=\"elementor-element elementor-element-2325dec elementor-widget elementor-widget-image\" data-id=\"2325dec\" data-element_type=\"widget\" data-e-type=\"widget\" data-widget_type=\"image.default\">\n\t\t\t\t<div class=\"elementor-widget-container\">\n\t\t\t\t\t\t\t\t\t\t\t\t\t\t\t<img fetchpriority=\"high\" decoding=\"async\" width=\"500\" height=\"500\" src=\"https:\/\/www.proxifit.fr\/wp-content\/uploads\/2026\/04\/1-9.png\" class=\"attachment-large size-large wp-image-6598\" alt=\"\" srcset=\"https:\/\/www.proxifit.fr\/wp-content\/uploads\/2026\/04\/1-9.png 500w, https:\/\/www.proxifit.fr\/wp-content\/uploads\/2026\/04\/1-9-300x300.png 300w, https:\/\/www.proxifit.fr\/wp-content\/uploads\/2026\/04\/1-9-150x150.png 150w\" sizes=\"(max-width: 500px) 100vw, 500px\" \/>\t\t\t\t\t\t\t\t\t\t\t\t\t\t\t<\/div>\n\t\t\t\t<\/div>\n\t\t\t\t\t<\/div>\n\t\t<\/div>\n\t\t\t\t\t<\/div>\n\t\t<\/section>\n\t\t\t\t<section class=\"elementor-section elementor-top-section elementor-element elementor-element-06b58a4 elementor-section-boxed elementor-section-height-default elementor-section-height-default\" data-id=\"06b58a4\" data-element_type=\"section\" data-e-type=\"section\">\n\t\t\t\t\t\t<div class=\"elementor-container elementor-column-gap-default\">\n\t\t\t\t\t<div class=\"elementor-column elementor-col-33 elementor-top-column elementor-element elementor-element-1c9074d\" data-id=\"1c9074d\" data-element_type=\"column\" data-e-type=\"column\">\n\t\t\t<div class=\"elementor-widget-wrap elementor-element-populated\">\n\t\t\t\t\t\t<div class=\"elementor-element elementor-element-d8b6942 elementor-widget elementor-widget-image\" data-id=\"d8b6942\" data-element_type=\"widget\" data-e-type=\"widget\" data-widget_type=\"image.default\">\n\t\t\t\t<div class=\"elementor-widget-container\">\n\t\t\t\t\t\t\t\t\t\t\t\t\t\t\t<img decoding=\"async\" width=\"500\" height=\"500\" src=\"https:\/\/www.proxifit.fr\/wp-content\/uploads\/2026\/04\/2-10.png\" class=\"attachment-large size-large wp-image-6599\" alt=\"\" srcset=\"https:\/\/www.proxifit.fr\/wp-content\/uploads\/2026\/04\/2-10.png 500w, https:\/\/www.proxifit.fr\/wp-content\/uploads\/2026\/04\/2-10-300x300.png 300w, https:\/\/www.proxifit.fr\/wp-content\/uploads\/2026\/04\/2-10-150x150.png 150w\" sizes=\"(max-width: 500px) 100vw, 500px\" \/>\t\t\t\t\t\t\t\t\t\t\t\t\t\t\t<\/div>\n\t\t\t\t<\/div>\n\t\t\t\t\t<\/div>\n\t\t<\/div>\n\t\t\t\t<div class=\"elementor-column elementor-col-33 elementor-top-column elementor-element elementor-element-ac8f0eb\" data-id=\"ac8f0eb\" data-element_type=\"column\" data-e-type=\"column\">\n\t\t\t<div class=\"elementor-widget-wrap elementor-element-populated\">\n\t\t\t\t\t\t<div class=\"elementor-element elementor-element-1bbc18a elementor-widget elementor-widget-image\" data-id=\"1bbc18a\" data-element_type=\"widget\" data-e-type=\"widget\" data-widget_type=\"image.default\">\n\t\t\t\t<div class=\"elementor-widget-container\">\n\t\t\t\t\t\t\t\t\t\t\t\t\t\t\t<img decoding=\"async\" width=\"500\" height=\"500\" src=\"https:\/\/www.proxifit.fr\/wp-content\/uploads\/2026\/04\/3-7.png\" class=\"attachment-large size-large wp-image-6600\" alt=\"\" srcset=\"https:\/\/www.proxifit.fr\/wp-content\/uploads\/2026\/04\/3-7.png 500w, https:\/\/www.proxifit.fr\/wp-content\/uploads\/2026\/04\/3-7-300x300.png 300w, https:\/\/www.proxifit.fr\/wp-content\/uploads\/2026\/04\/3-7-150x150.png 150w\" sizes=\"(max-width: 500px) 100vw, 500px\" \/>\t\t\t\t\t\t\t\t\t\t\t\t\t\t\t<\/div>\n\t\t\t\t<\/div>\n\t\t\t\t\t<\/div>\n\t\t<\/div>\n\t\t\t\t<div class=\"elementor-column elementor-col-33 elementor-top-column elementor-element elementor-element-d73ce3f\" data-id=\"d73ce3f\" data-element_type=\"column\" data-e-type=\"column\">\n\t\t\t<div class=\"elementor-widget-wrap elementor-element-populated\">\n\t\t\t\t\t\t<div class=\"elementor-element elementor-element-57abc8c elementor-widget elementor-widget-image\" data-id=\"57abc8c\" data-element_type=\"widget\" data-e-type=\"widget\" data-widget_type=\"image.default\">\n\t\t\t\t<div class=\"elementor-widget-container\">\n\t\t\t\t\t\t\t\t\t\t\t\t\t\t\t<img loading=\"lazy\" decoding=\"async\" width=\"500\" height=\"500\" src=\"https:\/\/www.proxifit.fr\/wp-content\/uploads\/2026\/04\/4-7.png\" class=\"attachment-large size-large wp-image-6601\" alt=\"\" srcset=\"https:\/\/www.proxifit.fr\/wp-content\/uploads\/2026\/04\/4-7.png 500w, https:\/\/www.proxifit.fr\/wp-content\/uploads\/2026\/04\/4-7-300x300.png 300w, https:\/\/www.proxifit.fr\/wp-content\/uploads\/2026\/04\/4-7-150x150.png 150w\" sizes=\"(max-width: 500px) 100vw, 500px\" \/>\t\t\t\t\t\t\t\t\t\t\t\t\t\t\t<\/div>\n\t\t\t\t<\/div>\n\t\t\t\t\t<\/div>\n\t\t<\/div>\n\t\t\t\t\t<\/div>\n\t\t<\/section>\n\t\t\t\t<\/div>\n\t\t","protected":false},"excerpt":{"rendered":"<p>AQUABIKE INDIVIDUEL L\u2019aquabike individuel est une s\u00e9ance de v\u00e9lo aquatique r\u00e9alis\u00e9e en cabine privative Gr\u00e2ce \u00e0 la r\u00e9sistance de l\u2019eau et aux jets hydromassants, cet entra\u00eenement permet de travailler efficacement le cardio tout en tonifiant les jambes et les fessiers<\/p>\n","protected":false},"author":1,"featured_media":0,"parent":0,"menu_order":0,"comment_status":"closed","ping_status":"closed","template":"elementor_header_footer","meta":{"footnotes":""},"class_list":["post-6595","page","type-page","status-publish","hentry"],"_links":{"self":[{"href":"https:\/\/www.proxifit.fr\/index.php\/wp-json\/wp\/v2\/pages\/6595","targetHints":{"allow":["GET"]}}],"collection":[{"href":"https:\/\/www.proxifit.fr\/index.php\/wp-json\/wp\/v2\/pages"}],"about":[{"href":"https:\/\/www.proxifit.fr\/index.php\/wp-json\/wp\/v2\/types\/page"}],"author":[{"embeddable":true,"href":"https:\/\/www.proxifit.fr\/index.php\/wp-json\/wp\/v2\/users\/1"}],"replies":[{"embeddable":true,"href":"https:\/\/www.proxifit.fr\/index.php\/wp-json\/wp\/v2\/comments?post=6595"}],"version-history":[{"count":7,"href":"https:\/\/www.proxifit.fr\/index.php\/wp-json\/wp\/v2\/pages\/6595\/revisions"}],"predecessor-version":[{"id":6607,"href":"https:\/\/www.proxifit.fr\/index.php\/wp-json\/wp\/v2\/pages\/6595\/revisions\/6607"}],"wp:attachment":[{"href":"https:\/\/www.proxifit.fr\/index.php\/wp-json\/wp\/v2\/media?parent=6595"}],"curies":[{"name":"wp","href":"https:\/\/api.w.org\/{rel}","templated":true}]}}