{"id":6548,"date":"2026-04-03T13:51:46","date_gmt":"2026-04-03T11:51:46","guid":{"rendered":"https:\/\/www.proxifit.fr\/?page_id=6548"},"modified":"2026-04-12T18:08:43","modified_gmt":"2026-04-12T16:08:43","slug":"pilates-reformer-2","status":"publish","type":"page","link":"https:\/\/www.proxifit.fr\/index.php\/pilates-reformer-2\/","title":{"rendered":"Pilates R\u00e9former"},"content":{"rendered":"\t\t<div data-elementor-type=\"wp-page\" data-elementor-id=\"6548\" class=\"elementor elementor-6548\">\n\t\t\t\t\t\t<section class=\"elementor-section elementor-top-section elementor-element elementor-element-7b40e25 elementor-section-boxed elementor-section-height-default elementor-section-height-default\" data-id=\"7b40e25\" data-element_type=\"section\" data-e-type=\"section\">\n\t\t\t\t\t\t<div class=\"elementor-container elementor-column-gap-default\">\n\t\t\t\t\t<div class=\"elementor-column elementor-col-100 elementor-top-column elementor-element elementor-element-03fd441\" data-id=\"03fd441\" data-element_type=\"column\" data-e-type=\"column\">\n\t\t\t<div class=\"elementor-widget-wrap elementor-element-populated\">\n\t\t\t\t\t\t<div class=\"elementor-element elementor-element-a274781 elementor-widget elementor-widget-heading\" data-id=\"a274781\" data-element_type=\"widget\" data-e-type=\"widget\" data-widget_type=\"heading.default\">\n\t\t\t\t<div class=\"elementor-widget-container\">\n\t\t\t\t\t<h2 class=\"elementor-heading-title elementor-size-default\">PILATES R\u00c9FORMER<\/h2>\t\t\t\t<\/div>\n\t\t\t\t<\/div>\n\t\t\t\t<div class=\"elementor-element elementor-element-691ed03 elementor-widget elementor-widget-text-editor\" data-id=\"691ed03\" data-element_type=\"widget\" data-e-type=\"widget\" data-widget_type=\"text-editor.default\">\n\t\t\t\t<div class=\"elementor-widget-container\">\n\t\t\t\t\t\t\t\t\t<p style=\"text-align: center;\"><span class=\"a_GcMg font-feature-liga-off font-feature-clig-off font-feature-calt-off text-decoration-none text-strikethrough-none\">Prends ce temps pour toi. Respire, rel\u00e2che, reconnecte-toi \u00e0 l\u2019essentiel. Chaque instant compte, et ton bien-\u00eatre m\u00e9rite toute ton attention.<\/span><\/p>\t\t\t\t\t\t\t\t<\/div>\n\t\t\t\t<\/div>\n\t\t\t\t\t<\/div>\n\t\t<\/div>\n\t\t\t\t\t<\/div>\n\t\t<\/section>\n\t\t\t\t<section class=\"elementor-section elementor-top-section elementor-element elementor-element-d7657b0 elementor-section-boxed elementor-section-height-default elementor-section-height-default\" data-id=\"d7657b0\" data-element_type=\"section\" data-e-type=\"section\">\n\t\t\t\t\t\t<div class=\"elementor-container elementor-column-gap-default\">\n\t\t\t\t\t<div class=\"elementor-column elementor-col-33 elementor-top-column elementor-element elementor-element-30c3246\" data-id=\"30c3246\" data-element_type=\"column\" data-e-type=\"column\">\n\t\t\t<div class=\"elementor-widget-wrap elementor-element-populated\">\n\t\t\t\t\t\t<div class=\"elementor-element elementor-element-b3069a4 elementor-widget elementor-widget-image\" data-id=\"b3069a4\" data-element_type=\"widget\" data-e-type=\"widget\" data-widget_type=\"image.default\">\n\t\t\t\t<div class=\"elementor-widget-container\">\n\t\t\t\t\t\t\t\t\t\t\t\t\t\t\t\t<a href=\"#pilatesplanning\">\n\t\t\t\t\t\t\t<img decoding=\"async\" width=\"300\" height=\"102\" src=\"https:\/\/www.proxifit.fr\/wp-content\/uploads\/2026\/04\/Planning-300x102.png\" class=\"attachment-medium size-medium wp-image-6556\" alt=\"\" srcset=\"https:\/\/www.proxifit.fr\/wp-content\/uploads\/2026\/04\/Planning-300x102.png 300w, https:\/\/www.proxifit.fr\/wp-content\/uploads\/2026\/04\/Planning-768x261.png 768w, https:\/\/www.proxifit.fr\/wp-content\/uploads\/2026\/04\/Planning.png 991w\" sizes=\"(max-width: 300px) 100vw, 300px\" \/>\t\t\t\t\t\t\t\t<\/a>\n\t\t\t\t\t\t\t\t\t\t\t\t\t\t\t<\/div>\n\t\t\t\t<\/div>\n\t\t\t\t\t<\/div>\n\t\t<\/div>\n\t\t\t\t<div class=\"elementor-column elementor-col-33 elementor-top-column elementor-element elementor-element-5dce912\" data-id=\"5dce912\" data-element_type=\"column\" data-e-type=\"column\">\n\t\t\t<div class=\"elementor-widget-wrap elementor-element-populated\">\n\t\t\t\t\t\t<div class=\"elementor-element elementor-element-de635b9 elementor-widget elementor-widget-image\" data-id=\"de635b9\" data-element_type=\"widget\" data-e-type=\"widget\" data-widget_type=\"image.default\">\n\t\t\t\t<div class=\"elementor-widget-container\">\n\t\t\t\t\t\t\t\t\t\t\t\t\t\t\t\t<a href=\"https:\/\/member.resamania.com\/proxifit\">\n\t\t\t\t\t\t\t<img decoding=\"async\" width=\"300\" height=\"105\" src=\"https:\/\/www.proxifit.fr\/wp-content\/uploads\/2026\/04\/Souscrire-300x105.png\" class=\"attachment-medium size-medium wp-image-6557\" alt=\"\" srcset=\"https:\/\/www.proxifit.fr\/wp-content\/uploads\/2026\/04\/Souscrire-300x105.png 300w, https:\/\/www.proxifit.fr\/wp-content\/uploads\/2026\/04\/Souscrire-768x269.png 768w, https:\/\/www.proxifit.fr\/wp-content\/uploads\/2026\/04\/Souscrire.png 952w\" sizes=\"(max-width: 300px) 100vw, 300px\" \/>\t\t\t\t\t\t\t\t<\/a>\n\t\t\t\t\t\t\t\t\t\t\t\t\t\t\t<\/div>\n\t\t\t\t<\/div>\n\t\t\t\t\t<\/div>\n\t\t<\/div>\n\t\t\t\t<div class=\"elementor-column elementor-col-33 elementor-top-column elementor-element elementor-element-669c069\" data-id=\"669c069\" data-element_type=\"column\" data-e-type=\"column\">\n\t\t\t<div class=\"elementor-widget-wrap elementor-element-populated\">\n\t\t\t\t\t\t<div class=\"elementor-element elementor-element-74e07ae elementor-widget elementor-widget-image\" data-id=\"74e07ae\" data-element_type=\"widget\" data-e-type=\"widget\" data-widget_type=\"image.default\">\n\t\t\t\t<div class=\"elementor-widget-container\">\n\t\t\t\t\t\t\t\t\t\t\t\t\t\t\t\t<a href=\"#pilatestarifs\">\n\t\t\t\t\t\t\t<img decoding=\"async\" width=\"300\" height=\"106\" src=\"https:\/\/www.proxifit.fr\/wp-content\/uploads\/2026\/04\/Tarifs-300x106.png\" class=\"attachment-medium size-medium wp-image-6558\" alt=\"\" srcset=\"https:\/\/www.proxifit.fr\/wp-content\/uploads\/2026\/04\/Tarifs-300x106.png 300w, https:\/\/www.proxifit.fr\/wp-content\/uploads\/2026\/04\/Tarifs-768x271.png 768w, https:\/\/www.proxifit.fr\/wp-content\/uploads\/2026\/04\/Tarifs.png 944w\" sizes=\"(max-width: 300px) 100vw, 300px\" \/>\t\t\t\t\t\t\t\t<\/a>\n\t\t\t\t\t\t\t\t\t\t\t\t\t\t\t<\/div>\n\t\t\t\t<\/div>\n\t\t\t\t\t<\/div>\n\t\t<\/div>\n\t\t\t\t\t<\/div>\n\t\t<\/section>\n\t\t\t\t<section class=\"elementor-section elementor-top-section elementor-element elementor-element-cc69bb1 elementor-section-boxed elementor-section-height-default elementor-section-height-default\" data-id=\"cc69bb1\" data-element_type=\"section\" data-e-type=\"section\">\n\t\t\t\t\t\t<div class=\"elementor-container elementor-column-gap-default\">\n\t\t\t\t\t<div class=\"elementor-column elementor-col-100 elementor-top-column elementor-element elementor-element-23c57b5\" data-id=\"23c57b5\" data-element_type=\"column\" data-e-type=\"column\">\n\t\t\t<div class=\"elementor-widget-wrap elementor-element-populated\">\n\t\t\t\t\t\t<div class=\"elementor-element elementor-element-8542806 elementor-widget elementor-widget-image\" data-id=\"8542806\" data-element_type=\"widget\" data-e-type=\"widget\" data-widget_type=\"image.default\">\n\t\t\t\t<div class=\"elementor-widget-container\">\n\t\t\t\t\t\t\t\t\t\t\t\t\t\t\t<img loading=\"lazy\" decoding=\"async\" width=\"500\" height=\"375\" src=\"https:\/\/www.proxifit.fr\/wp-content\/uploads\/2026\/04\/1_2.png\" class=\"attachment-1536x1536 size-1536x1536 wp-image-6559\" alt=\"\" srcset=\"https:\/\/www.proxifit.fr\/wp-content\/uploads\/2026\/04\/1_2.png 500w, https:\/\/www.proxifit.fr\/wp-content\/uploads\/2026\/04\/1_2-300x225.png 300w\" sizes=\"(max-width: 500px) 100vw, 500px\" \/>\t\t\t\t\t\t\t\t\t\t\t\t\t\t\t<\/div>\n\t\t\t\t<\/div>\n\t\t\t\t\t<\/div>\n\t\t<\/div>\n\t\t\t\t\t<\/div>\n\t\t<\/section>\n\t\t\t\t<section class=\"elementor-section elementor-top-section elementor-element elementor-element-f4fbc75 elementor-section-boxed elementor-section-height-default elementor-section-height-default\" data-id=\"f4fbc75\" data-element_type=\"section\" data-e-type=\"section\">\n\t\t\t\t\t\t<div class=\"elementor-container elementor-column-gap-default\">\n\t\t\t\t\t<div class=\"elementor-column elementor-col-33 elementor-top-column elementor-element elementor-element-a129ee1\" data-id=\"a129ee1\" data-element_type=\"column\" data-e-type=\"column\">\n\t\t\t<div class=\"elementor-widget-wrap elementor-element-populated\">\n\t\t\t\t\t\t<div class=\"elementor-element elementor-element-df03c28 elementor-widget elementor-widget-image\" data-id=\"df03c28\" data-element_type=\"widget\" data-e-type=\"widget\" data-widget_type=\"image.default\">\n\t\t\t\t<div class=\"elementor-widget-container\">\n\t\t\t\t\t\t\t\t\t\t\t\t\t\t\t<img loading=\"lazy\" decoding=\"async\" width=\"330\" height=\"500\" src=\"https:\/\/www.proxifit.fr\/wp-content\/uploads\/2026\/04\/2-7.png\" class=\"attachment-large size-large wp-image-6560\" alt=\"\" srcset=\"https:\/\/www.proxifit.fr\/wp-content\/uploads\/2026\/04\/2-7.png 330w, https:\/\/www.proxifit.fr\/wp-content\/uploads\/2026\/04\/2-7-198x300.png 198w\" sizes=\"(max-width: 330px) 100vw, 330px\" \/>\t\t\t\t\t\t\t\t\t\t\t\t\t\t\t<\/div>\n\t\t\t\t<\/div>\n\t\t\t\t\t<\/div>\n\t\t<\/div>\n\t\t\t\t<div class=\"elementor-column elementor-col-66 elementor-top-column elementor-element elementor-element-17c4e9b\" data-id=\"17c4e9b\" data-element_type=\"column\" data-e-type=\"column\" data-settings=\"{&quot;background_background&quot;:&quot;classic&quot;}\">\n\t\t\t<div class=\"elementor-widget-wrap elementor-element-populated\">\n\t\t\t\t\t\t<div class=\"elementor-element elementor-element-bd6e327 elementor-widget elementor-widget-image\" data-id=\"bd6e327\" data-element_type=\"widget\" data-e-type=\"widget\" data-widget_type=\"image.default\">\n\t\t\t\t<div class=\"elementor-widget-container\">\n\t\t\t\t\t\t\t\t\t\t\t\t\t\t\t<img loading=\"lazy\" decoding=\"async\" width=\"800\" height=\"800\" src=\"https:\/\/www.proxifit.fr\/wp-content\/uploads\/2026\/04\/2-6-1024x1024.png\" class=\"attachment-large size-large wp-image-6552\" alt=\"\" srcset=\"https:\/\/www.proxifit.fr\/wp-content\/uploads\/2026\/04\/2-6-1024x1024.png 1024w, https:\/\/www.proxifit.fr\/wp-content\/uploads\/2026\/04\/2-6-300x300.png 300w, https:\/\/www.proxifit.fr\/wp-content\/uploads\/2026\/04\/2-6-150x150.png 150w, https:\/\/www.proxifit.fr\/wp-content\/uploads\/2026\/04\/2-6-768x768.png 768w, https:\/\/www.proxifit.fr\/wp-content\/uploads\/2026\/04\/2-6-1536x1536.png 1536w, https:\/\/www.proxifit.fr\/wp-content\/uploads\/2026\/04\/2-6-2048x2048.png 2048w\" sizes=\"(max-width: 800px) 100vw, 800px\" \/>\t\t\t\t\t\t\t\t\t\t\t\t\t\t\t<\/div>\n\t\t\t\t<\/div>\n\t\t\t\t\t<\/div>\n\t\t<\/div>\n\t\t\t\t\t<\/div>\n\t\t<\/section>\n\t\t\t\t<section class=\"elementor-section elementor-top-section elementor-element elementor-element-bcf07db elementor-section-boxed elementor-section-height-default elementor-section-height-default\" data-id=\"bcf07db\" data-element_type=\"section\" data-e-type=\"section\" id=\"pilatestarifs\">\n\t\t\t\t\t\t<div class=\"elementor-container elementor-column-gap-default\">\n\t\t\t\t\t<div class=\"elementor-column elementor-col-100 elementor-top-column elementor-element elementor-element-892cd3c\" data-id=\"892cd3c\" data-element_type=\"column\" data-e-type=\"column\">\n\t\t\t<div class=\"elementor-widget-wrap elementor-element-populated\">\n\t\t\t\t\t\t<div class=\"elementor-element elementor-element-48cebc3 elementor-widget elementor-widget-image\" data-id=\"48cebc3\" data-element_type=\"widget\" data-e-type=\"widget\" data-widget_type=\"image.default\">\n\t\t\t\t<div class=\"elementor-widget-container\">\n\t\t\t\t\t\t\t\t\t\t\t\t\t\t\t\t<a href=\"https:\/\/member.resamania.com\/proxifit\">\n\t\t\t\t\t\t\t<img loading=\"lazy\" decoding=\"async\" width=\"800\" height=\"245\" src=\"https:\/\/www.proxifit.fr\/wp-content\/uploads\/2026\/04\/4-5-1024x313.png\" class=\"attachment-large size-large wp-image-6554\" alt=\"\" srcset=\"https:\/\/www.proxifit.fr\/wp-content\/uploads\/2026\/04\/4-5-1024x313.png 1024w, https:\/\/www.proxifit.fr\/wp-content\/uploads\/2026\/04\/4-5-300x92.png 300w, https:\/\/www.proxifit.fr\/wp-content\/uploads\/2026\/04\/4-5-768x235.png 768w, https:\/\/www.proxifit.fr\/wp-content\/uploads\/2026\/04\/4-5.png 1415w\" sizes=\"(max-width: 800px) 100vw, 800px\" \/>\t\t\t\t\t\t\t\t<\/a>\n\t\t\t\t\t\t\t\t\t\t\t\t\t\t\t<\/div>\n\t\t\t\t<\/div>\n\t\t\t\t\t<\/div>\n\t\t<\/div>\n\t\t\t\t\t<\/div>\n\t\t<\/section>\n\t\t\t\t<section class=\"elementor-section elementor-top-section elementor-element elementor-element-91049dd elementor-section-boxed elementor-section-height-default elementor-section-height-default\" data-id=\"91049dd\" data-element_type=\"section\" data-e-type=\"section\" id=\"pilatesplanning\">\n\t\t\t\t\t\t<div class=\"elementor-container elementor-column-gap-default\">\n\t\t\t\t\t<div class=\"elementor-column elementor-col-100 elementor-top-column elementor-element elementor-element-399bac8\" data-id=\"399bac8\" data-element_type=\"column\" data-e-type=\"column\">\n\t\t\t<div class=\"elementor-widget-wrap elementor-element-populated\">\n\t\t\t\t\t\t<div class=\"elementor-element elementor-element-0b6ec1e elementor-widget elementor-widget-image\" data-id=\"0b6ec1e\" data-element_type=\"widget\" data-e-type=\"widget\" data-widget_type=\"image.default\">\n\t\t\t\t<div class=\"elementor-widget-container\">\n\t\t\t\t\t\t\t\t\t\t\t\t\t\t\t<img loading=\"lazy\" decoding=\"async\" width=\"800\" height=\"450\" src=\"https:\/\/www.proxifit.fr\/wp-content\/uploads\/2026\/04\/Planning-Reformer.png\" class=\"attachment-large size-large wp-image-6555\" alt=\"\" srcset=\"https:\/\/www.proxifit.fr\/wp-content\/uploads\/2026\/04\/Planning-Reformer.png 1024w, https:\/\/www.proxifit.fr\/wp-content\/uploads\/2026\/04\/Planning-Reformer-300x169.png 300w, https:\/\/www.proxifit.fr\/wp-content\/uploads\/2026\/04\/Planning-Reformer-768x432.png 768w\" sizes=\"(max-width: 800px) 100vw, 800px\" \/>\t\t\t\t\t\t\t\t\t\t\t\t\t\t\t<\/div>\n\t\t\t\t<\/div>\n\t\t\t\t\t<\/div>\n\t\t<\/div>\n\t\t\t\t\t<\/div>\n\t\t<\/section>\n\t\t\t\t<\/div>\n\t\t","protected":false},"excerpt":{"rendered":"<p>PILATES R\u00c9FORMER Prends ce temps pour toi. Respire, rel\u00e2che, reconnecte-toi \u00e0 l\u2019essentiel. Chaque instant compte, et ton bien-\u00eatre m\u00e9rite toute ton attention.<\/p>\n","protected":false},"author":1,"featured_media":0,"parent":0,"menu_order":0,"comment_status":"closed","ping_status":"closed","template":"elementor_header_footer","meta":{"footnotes":""},"class_list":["post-6548","page","type-page","status-publish","hentry"],"_links":{"self":[{"href":"https:\/\/www.proxifit.fr\/index.php\/wp-json\/wp\/v2\/pages\/6548","targetHints":{"allow":["GET"]}}],"collection":[{"href":"https:\/\/www.proxifit.fr\/index.php\/wp-json\/wp\/v2\/pages"}],"about":[{"href":"https:\/\/www.proxifit.fr\/index.php\/wp-json\/wp\/v2\/types\/page"}],"author":[{"embeddable":true,"href":"https:\/\/www.proxifit.fr\/index.php\/wp-json\/wp\/v2\/users\/1"}],"replies":[{"embeddable":true,"href":"https:\/\/www.proxifit.fr\/index.php\/wp-json\/wp\/v2\/comments?post=6548"}],"version-history":[{"count":7,"href":"https:\/\/www.proxifit.fr\/index.php\/wp-json\/wp\/v2\/pages\/6548\/revisions"}],"predecessor-version":[{"id":6678,"href":"https:\/\/www.proxifit.fr\/index.php\/wp-json\/wp\/v2\/pages\/6548\/revisions\/6678"}],"wp:attachment":[{"href":"https:\/\/www.proxifit.fr\/index.php\/wp-json\/wp\/v2\/media?parent=6548"}],"curies":[{"name":"wp","href":"https:\/\/api.w.org\/{rel}","templated":true}]}}